{"id":8771,"date":"2025-11-28T16:26:25","date_gmt":"2025-11-28T15:26:25","guid":{"rendered":"https:\/\/ladnehistorie.pl\/?page_id=8771"},"modified":"2025-12-10T12:00:42","modified_gmt":"2025-12-10T11:00:42","slug":"before-the-coffee-gets-cold","status":"publish","type":"page","link":"https:\/\/ladnehistorie.pl\/en\/before-the-coffee-gets-cold\/","title":{"rendered":"Zanim wystygnie kawa&#8230; poczytaj mi ksi\u0105\u017ck\u0119"},"content":{"rendered":"","protected":false},"excerpt":{"rendered":"","protected":false},"author":4,"featured_media":0,"parent":0,"menu_order":0,"comment_status":"closed","ping_status":"closed","template":"page-industry-group.php","meta":{"_acf_changed":false,"footnotes":""},"class_list":["post-8771","page","type-page","status-publish","hentry"],"acf":[],"_links":{"self":[{"href":"https:\/\/ladnehistorie.pl\/en\/wp-json\/wp\/v2\/pages\/8771","targetHints":{"allow":["GET"]}}],"collection":[{"href":"https:\/\/ladnehistorie.pl\/en\/wp-json\/wp\/v2\/pages"}],"about":[{"href":"https:\/\/ladnehistorie.pl\/en\/wp-json\/wp\/v2\/types\/page"}],"author":[{"embeddable":true,"href":"https:\/\/ladnehistorie.pl\/en\/wp-json\/wp\/v2\/users\/4"}],"replies":[{"embeddable":true,"href":"https:\/\/ladnehistorie.pl\/en\/wp-json\/wp\/v2\/comments?post=8771"}],"version-history":[{"count":0,"href":"https:\/\/ladnehistorie.pl\/en\/wp-json\/wp\/v2\/pages\/8771\/revisions"}],"wp:attachment":[{"href":"https:\/\/ladnehistorie.pl\/en\/wp-json\/wp\/v2\/media?parent=8771"}],"curies":[{"name":"wp","href":"https:\/\/api.w.org\/{rel}","templated":true}]}}