{"id":936,"date":"2023-04-25T08:26:30","date_gmt":"2023-04-25T08:26:30","guid":{"rendered":"https:\/\/ladnehistorie.pl\/?page_id=936"},"modified":"2023-10-27T15:12:19","modified_gmt":"2023-10-27T15:12:19","slug":"%d0%bc%d0%b0%d1%82%d0%b5%d1%80%d1%96%d0%b0%d0%bb%d0%b8-%d0%b7%d0%b2%d0%b5%d1%80%d1%85%d1%83","status":"publish","type":"page","link":"https:\/\/ladnehistorie.pl\/uk\/%d0%bc%d0%b0%d1%82%d0%b5%d1%80%d1%96%d0%b0%d0%bb%d0%b8-%d0%b7%d0%b2%d0%b5%d1%80%d1%85%d1%83\/","title":{"rendered":"Materia\u0142y do pobrania &#8211; \u0141\u0105cz\u0105 nas g\u00f3ry"},"content":{"rendered":"","protected":false},"excerpt":{"rendered":"","protected":false},"author":4,"featured_media":0,"parent":0,"menu_order":0,"comment_status":"closed","ping_status":"closed","template":"page-wroclaw-downloads.php","meta":{"_acf_changed":false,"footnotes":""},"class_list":["post-936","page","type-page","status-publish","hentry"],"acf":[],"_links":{"self":[{"href":"https:\/\/ladnehistorie.pl\/uk\/wp-json\/wp\/v2\/pages\/936","targetHints":{"allow":["GET"]}}],"collection":[{"href":"https:\/\/ladnehistorie.pl\/uk\/wp-json\/wp\/v2\/pages"}],"about":[{"href":"https:\/\/ladnehistorie.pl\/uk\/wp-json\/wp\/v2\/types\/page"}],"author":[{"embeddable":true,"href":"https:\/\/ladnehistorie.pl\/uk\/wp-json\/wp\/v2\/users\/4"}],"replies":[{"embeddable":true,"href":"https:\/\/ladnehistorie.pl\/uk\/wp-json\/wp\/v2\/comments?post=936"}],"version-history":[{"count":0,"href":"https:\/\/ladnehistorie.pl\/uk\/wp-json\/wp\/v2\/pages\/936\/revisions"}],"wp:attachment":[{"href":"https:\/\/ladnehistorie.pl\/uk\/wp-json\/wp\/v2\/media?parent=936"}],"curies":[{"name":"wp","href":"https:\/\/api.w.org\/{rel}","templated":true}]}}