{"id":939,"date":"2023-04-25T08:28:32","date_gmt":"2023-04-25T08:28:32","guid":{"rendered":"https:\/\/ladnehistorie.pl\/?page_id=939"},"modified":"2024-03-12T10:52:44","modified_gmt":"2024-03-12T10:52:44","slug":"%d0%b3%d1%96%d1%80%d1%81%d1%8c%d0%ba%d0%b8%d0%b9-%d0%b0%d1%80%d1%85%d1%96%d0%b2","status":"publish","type":"page","link":"https:\/\/ladnehistorie.pl\/uk\/%d0%b3%d1%96%d1%80%d1%81%d1%8c%d0%ba%d0%b8%d0%b9-%d0%b0%d1%80%d1%85%d1%96%d0%b2\/","title":{"rendered":"\u0141\u0105cz\u0105 nas g\u00f3ry &#8211; Archiwum"},"content":{"rendered":"","protected":false},"excerpt":{"rendered":"","protected":false},"author":4,"featured_media":0,"parent":0,"menu_order":0,"comment_status":"closed","ping_status":"closed","template":"page-wroclaw-archive.php","meta":{"_acf_changed":false,"footnotes":""},"class_list":["post-939","page","type-page","status-publish","hentry"],"acf":[],"_links":{"self":[{"href":"https:\/\/ladnehistorie.pl\/uk\/wp-json\/wp\/v2\/pages\/939","targetHints":{"allow":["GET"]}}],"collection":[{"href":"https:\/\/ladnehistorie.pl\/uk\/wp-json\/wp\/v2\/pages"}],"about":[{"href":"https:\/\/ladnehistorie.pl\/uk\/wp-json\/wp\/v2\/types\/page"}],"author":[{"embeddable":true,"href":"https:\/\/ladnehistorie.pl\/uk\/wp-json\/wp\/v2\/users\/4"}],"replies":[{"embeddable":true,"href":"https:\/\/ladnehistorie.pl\/uk\/wp-json\/wp\/v2\/comments?post=939"}],"version-history":[{"count":0,"href":"https:\/\/ladnehistorie.pl\/uk\/wp-json\/wp\/v2\/pages\/939\/revisions"}],"wp:attachment":[{"href":"https:\/\/ladnehistorie.pl\/uk\/wp-json\/wp\/v2\/media?parent=939"}],"curies":[{"name":"wp","href":"https:\/\/api.w.org\/{rel}","templated":true}]}}